{"id":9,"date":"2024-10-22T23:54:05","date_gmt":"2024-10-22T23:54:05","guid":{"rendered":"https:\/\/raltuzar.net\/revista-anpm\/?page_id=9"},"modified":"2025-01-30T21:50:43","modified_gmt":"2025-01-30T21:50:43","slug":"inicio","status":"publish","type":"page","link":"https:\/\/raltuzar.net\/revista-anpm\/","title":{"rendered":"Inicio"},"content":{"rendered":"\n<p>Les damos la bienvenida al sitio web de nuestra revista. <\/p>\n\n\n\n<p>La\u00a0<em>Revista Informativa del Profesor de Matem\u00e1ticas<\/em>, editada por la Asociaci\u00f3n Nacional de Profesores de Matem\u00e1ticas (ANPM), A.C., busca ser un espacio din\u00e1mico para compartir experiencias, recursos y conocimientos que enriquezcan la ense\u00f1anza de las Matem\u00e1ticas en los niveles preescolar, Educaci\u00f3n Especial, primaria, secundaria, bachillerato e incluso superior (universidad).<\/p>\n\n\n\n<p>Dirigido a los profesores de esta disciplina, y en particular, quienes son afines a nuestra asociaci\u00f3n, se ofrece como un punto de encuentro entre pares, que permita sumar de forma entusiasta y positiva, a la formaci\u00f3n de quienes se dedican a esta noble labor en M\u00e9xico y, \u00bfpor qu\u00e9 no?, a quienes nos lean m\u00e1s all\u00e1 de nuestras fronteras.<\/p>\n\n\n\n<p>Invitamos a los docentes, investigadores y profesionales de la educaci\u00f3n matem\u00e1tica en general a enviar sus contribuciones.<\/p>\n\n\n\n<p>Dado que El Comit\u00e9 Editorial est\u00e1 retomando este proyecto, iniciado ya hace varios a\u00f1os, la periodicidad inicial ser\u00e1 semestral: agosto &#8211; enero, febrero &#8211; julio.<\/p>\n\n\n\n<p>M\u00e1s detalles en la pesta\u00f1a <em>\u00ab<a href=\"https:\/\/raltuzar.net\/revista-anpm\/index.php\/autores\/\" data-type=\"page\" data-id=\"11\">Informaci\u00f3n para autores<\/a>\u00ab<\/em>.<\/p>\n\n\n<div class=\"wp-block-image\">\n<figure class=\"alignright size-full is-resized\"><img loading=\"lazy\" decoding=\"async\" width=\"434\" height=\"434\" src=\"https:\/\/raltuzar.net\/revista-anpm\/wp-content\/uploads\/2024\/10\/anpmsolo.png\" alt=\"\" class=\"wp-image-57\" style=\"width:149px;height:auto\" srcset=\"https:\/\/raltuzar.net\/revista-anpm\/wp-content\/uploads\/2024\/10\/anpmsolo.png 434w, https:\/\/raltuzar.net\/revista-anpm\/wp-content\/uploads\/2024\/10\/anpmsolo-300x300.png 300w, https:\/\/raltuzar.net\/revista-anpm\/wp-content\/uploads\/2024\/10\/anpmsolo-150x150.png 150w, https:\/\/raltuzar.net\/revista-anpm\/wp-content\/uploads\/2024\/10\/anpmsolo-100x100.png 100w\" sizes=\"auto, (max-width: 434px) 100vw, 434px\" \/><\/figure>\n<\/div>\n\n\n<p class=\"has-text-align-right has-vivid-cyan-blue-color has-text-color has-link-color wp-elements-66569dc535f77f8d782d946a8ad4ef55\" style=\"font-size:15px\"><strong>ISSN en tr\u00e1mite<\/strong><\/p>\n","protected":false},"excerpt":{"rendered":"<p>Les damos la bienvenida al sitio web de nuestra revista. La\u00a0Revista Informativa del Profesor de Matem\u00e1ticas, editada por la Asociaci\u00f3n Nacional de Profesores de Matem\u00e1ticas (ANPM), A.C., busca ser un espacio din\u00e1mico para compartir experiencias, recursos y conocimientos que enriquezcan la ense\u00f1anza de las Matem\u00e1ticas en los niveles preescolar, Educaci\u00f3n Especial, primaria, secundaria, bachillerato e &hellip; <\/p>\n<p class=\"link-more\"><a href=\"https:\/\/raltuzar.net\/revista-anpm\/\" class=\"more-link\">Continuar leyendo<span class=\"screen-reader-text\"> \u00abInicio\u00bb<\/span><\/a><\/p>\n","protected":false},"author":1,"featured_media":0,"parent":0,"menu_order":0,"comment_status":"closed","ping_status":"closed","template":"","meta":{"footnotes":""},"class_list":["post-9","page","type-page","status-publish","hentry"],"_links":{"self":[{"href":"https:\/\/raltuzar.net\/revista-anpm\/index.php\/wp-json\/wp\/v2\/pages\/9","targetHints":{"allow":["GET"]}}],"collection":[{"href":"https:\/\/raltuzar.net\/revista-anpm\/index.php\/wp-json\/wp\/v2\/pages"}],"about":[{"href":"https:\/\/raltuzar.net\/revista-anpm\/index.php\/wp-json\/wp\/v2\/types\/page"}],"author":[{"embeddable":true,"href":"https:\/\/raltuzar.net\/revista-anpm\/index.php\/wp-json\/wp\/v2\/users\/1"}],"replies":[{"embeddable":true,"href":"https:\/\/raltuzar.net\/revista-anpm\/index.php\/wp-json\/wp\/v2\/comments?post=9"}],"version-history":[{"count":11,"href":"https:\/\/raltuzar.net\/revista-anpm\/index.php\/wp-json\/wp\/v2\/pages\/9\/revisions"}],"predecessor-version":[{"id":125,"href":"https:\/\/raltuzar.net\/revista-anpm\/index.php\/wp-json\/wp\/v2\/pages\/9\/revisions\/125"}],"wp:attachment":[{"href":"https:\/\/raltuzar.net\/revista-anpm\/index.php\/wp-json\/wp\/v2\/media?parent=9"}],"curies":[{"name":"wp","href":"https:\/\/api.w.org\/{rel}","templated":true}]}}