{"id":3,"date":"2024-10-22T23:45:23","date_gmt":"2024-10-22T23:45:23","guid":{"rendered":"https:\/\/raltuzar.net\/revista-anpm\/?page_id=3"},"modified":"2026-04-17T20:25:38","modified_gmt":"2026-04-17T20:25:38","slug":"editorial","status":"publish","type":"page","link":"https:\/\/raltuzar.net\/revista-anpm\/index.php\/editorial\/","title":{"rendered":"\u00bfQui\u00e9nes somos?"},"content":{"rendered":"\n<h2 class=\"wp-block-heading\">Revista del Profesor de Matem\u00e1ticas ANPM<\/h2>\n\n\n\n<p class=\"has-vivid-cyan-blue-color has-text-color has-link-color wp-elements-9159d864b64d0ba8ccbb3add80f58b39\">Comit\u00e9 Ejecutivo Nacional <a href=\"https:\/\/anpm.org.mx\/acerca-de\/\">2025-2027<\/a><\/p>\n\n\n\n<h2 class=\"wp-block-heading\">Comit\u00e9 Editorial<\/h2>\n\n\n\n<p><strong>Editores en jefe<\/strong><br>Rub\u00e9n Alejandro \u00c1gueda Alt\u00fazar<br>Luis Alejandro Rodr\u00edguez Aceves<\/p>\n\n\n\n<p><strong>Editores de secci\u00f3n<\/strong><br>C\u00e9sar Lozano D\u00edaz<br>Adri\u00e1n Talamantes Rom\u00e1n<br>Orlando Ochoa Castillo<br>Pablo Mer\u00e9 Hidalgo<br>Luis Migdael Hern\u00e1ndez Olgu\u00edn<br>Juan Ignacio Guizar Ruiz<br>Jos\u00e9 Luis \u00c1lvarez L\u00f3pez<br>Erick Sol\u00eds Hern\u00e1ndez<\/p>\n\n\n\n<h2 class=\"wp-block-heading\">Coordinaci\u00f3n del Comit\u00e9 Editorial<\/h2>\n\n\n\n<p>Rub\u00e9n Alejandro \u00c1gueda Alt\u00fazar<br>Francisco Miguel Y\u00e1\u00f1ez Pichardo<\/p>\n\n\n\n<h2 class=\"wp-block-heading\">Coordinaci\u00f3n Archivo Hist\u00f3rico<\/h2>\n\n\n\n<p>Luis Alejandro Rodr\u00edguez Aceves<\/p>\n\n\n\n<h2 class=\"wp-block-heading\">Presidenta del Comit\u00e9 Ejecutivo Nacional<\/h2>\n\n\n\n<p>Alexandra Gpe. Acosta L\u00f3pez<\/p>\n\n\n\n<h2 class=\"wp-block-heading\">Consejo Consultivo<\/h2>\n\n\n\n<p class=\"has-cyan-bluish-gray-color has-text-color has-link-color wp-elements-36842072287669475a086f50988eccfa\"><strong class=\"privacy-policy-tutorial\">Revisiones hist\u00f3ricas ANPM <\/strong><\/p>\n\n\n\n<p>Camilo Adonai Nucamendi Albores<br>Luis Alejandro Rodr\u00edguez Aceves<br>Gerardo Garc\u00eda Lozano<br>Domingo Horacio Rodr\u00edguez Arvizu<br>Huberto Mel\u00e9ndez Mart\u00ednez<br>Juan Francisco P\u00e9rez Ontiveros<\/p>\n\n\n\n<h2 class=\"wp-block-heading\">Dise\u00f1o editorial y maquetaci\u00f3n<\/h2>\n\n\n<div class=\"wp-block-image\">\n<figure class=\"alignright size-full is-resized\"><img loading=\"lazy\" decoding=\"async\" width=\"626\" height=\"417\" src=\"https:\/\/raltuzar.net\/revista-anpm\/wp-content\/uploads\/2024\/10\/conjunto-cubierta-semitono-degradado_23-2148430779-1.avif\" alt=\"\" class=\"wp-image-75\" style=\"width:245px;height:auto\"\/><\/figure>\n<\/div>\n\n\n<p>Laura Abigail Cervantes Angulo<br>Rub\u00e9n Alejandro \u00c1gueda Alt\u00fazar<\/p>\n\n\n\n<h2 class=\"wp-block-heading\">Licencia de contenido<\/h2>\n\n\n\n<p><em>Revista del Profesor de Matem\u00e1ticas ANPM<\/em> es una publicaci\u00f3n sin fines de lucro, cuyo contenido se rige por la licencia <em>creative commons <\/em>&#8216;Reconocimiento &#8211; No Comercial &#8211; Compartir Igual (by-nc-sa)&#8217;, misma que no permite un uso comercial de la obra original ni de las posibles obras derivadas. Adem\u00e1s, la distribuci\u00f3n de estas obras derivadas se debe hacer con una licencia igual a la que regula la obra original.<\/p>\n\n\n\n<figure class=\"wp-block-image size-full is-resized\"><img loading=\"lazy\" decoding=\"async\" width=\"118\" height=\"41\" src=\"https:\/\/raltuzar.net\/revista-anpm\/wp-content\/uploads\/2024\/10\/pic035.png\" alt=\"\" class=\"wp-image-44\" style=\"width:147px;height:auto\"\/><\/figure>\n\n\n\n<p class=\"has-small-font-size\">\u00a9 2024 &#8211; Asociaci\u00f3n Nacional de Profesores de Matem\u00e1ticas (ANPM), A.C.<\/p>\n\n\n\n<p><\/p>\n","protected":false},"excerpt":{"rendered":"<p>Revista del Profesor de Matem\u00e1ticas ANPM Comit\u00e9 Ejecutivo Nacional 2025-2027 Comit\u00e9 Editorial Editores en jefeRub\u00e9n Alejandro \u00c1gueda Alt\u00fazarLuis Alejandro Rodr\u00edguez Aceves Editores de secci\u00f3nC\u00e9sar Lozano D\u00edazAdri\u00e1n Talamantes Rom\u00e1nOrlando Ochoa CastilloPablo Mer\u00e9 HidalgoLuis Migdael Hern\u00e1ndez Olgu\u00ednJuan Ignacio Guizar RuizJos\u00e9 Luis \u00c1lvarez L\u00f3pezErick Sol\u00eds Hern\u00e1ndez Coordinaci\u00f3n del Comit\u00e9 Editorial Rub\u00e9n Alejandro \u00c1gueda Alt\u00fazarFrancisco Miguel Y\u00e1\u00f1ez Pichardo Coordinaci\u00f3n &hellip; <\/p>\n<p class=\"link-more\"><a href=\"https:\/\/raltuzar.net\/revista-anpm\/index.php\/editorial\/\" class=\"more-link\">Continuar leyendo<span class=\"screen-reader-text\"> \u00ab\u00bfQui\u00e9nes somos?\u00bb<\/span><\/a><\/p>\n","protected":false},"author":1,"featured_media":0,"parent":0,"menu_order":0,"comment_status":"closed","ping_status":"closed","template":"","meta":{"footnotes":""},"class_list":["post-3","page","type-page","status-publish","hentry"],"_links":{"self":[{"href":"https:\/\/raltuzar.net\/revista-anpm\/index.php\/wp-json\/wp\/v2\/pages\/3","targetHints":{"allow":["GET"]}}],"collection":[{"href":"https:\/\/raltuzar.net\/revista-anpm\/index.php\/wp-json\/wp\/v2\/pages"}],"about":[{"href":"https:\/\/raltuzar.net\/revista-anpm\/index.php\/wp-json\/wp\/v2\/types\/page"}],"author":[{"embeddable":true,"href":"https:\/\/raltuzar.net\/revista-anpm\/index.php\/wp-json\/wp\/v2\/users\/1"}],"replies":[{"embeddable":true,"href":"https:\/\/raltuzar.net\/revista-anpm\/index.php\/wp-json\/wp\/v2\/comments?post=3"}],"version-history":[{"count":17,"href":"https:\/\/raltuzar.net\/revista-anpm\/index.php\/wp-json\/wp\/v2\/pages\/3\/revisions"}],"predecessor-version":[{"id":166,"href":"https:\/\/raltuzar.net\/revista-anpm\/index.php\/wp-json\/wp\/v2\/pages\/3\/revisions\/166"}],"wp:attachment":[{"href":"https:\/\/raltuzar.net\/revista-anpm\/index.php\/wp-json\/wp\/v2\/media?parent=3"}],"curies":[{"name":"wp","href":"https:\/\/api.w.org\/{rel}","templated":true}]}}