{"id":80,"date":"2026-02-28T13:51:10","date_gmt":"2026-02-28T13:51:10","guid":{"rendered":"https:\/\/raltuzar.net\/cuaderno\/?page_id=80"},"modified":"2026-02-28T18:08:04","modified_gmt":"2026-02-28T18:08:04","slug":"preparacion-conalep","status":"publish","type":"page","link":"https:\/\/raltuzar.net\/cuaderno\/preparacion-conalep\/","title":{"rendered":"Preparaci\u00f3n Bachillerato"},"content":{"rendered":"\n<p><strong>INGRESO AL BACHILLERATO<\/strong><\/p>\n\n\n\n<p>Cuando ingresas al bachillerato, conviene haber desarrollado algunas habilidades y tener ciertos conocimientos, en particular, de Matem\u00e1ticas. Tener cierta destreza en \u00e9so que los maestros llaman <em>Habilidades Matem\u00e1ticas<\/em>. <\/p>\n\n\n\n<p>La informaci\u00f3n que proporcionamos a continuaci\u00f3n se presenta con mucho aprecio; la organizamos atendiendo a nuestras sesiones del <em>Curso de Preparaci\u00f3n a Aspirantes de Bachillerato <\/em>del sistema CONALEP 2026. Te recomendamos dedicar alg\u00fan tiempo a revisar los videos, as\u00ed como a resolver los problemas que en ellos se ofrecen, adem\u00e1s de las listas de ejercicios. <\/p>\n\n\n\n<p>Si tienes alguna duda sobre este material durante el curso, puedes remitirla a nuestra direcci\u00f3n de correo: <strong>altuzartutor@gmail.com<\/strong>. As\u00ed mismo, tambi\u00e9n puedes seguir nuestras redes sociales, en las que compartimos con el mismo aprecio, curiosidades matem\u00e1ticas y otros cursos que podr\u00edan llamar tu atenci\u00f3n. <\/p>\n\n\n\n<p class=\"has-text-align-left\">\u00a1Felices c\u00e1lculos!<\/p>\n\n\n\n<p class=\"has-text-align-right\">Rub\u00e9n A. \u00c1gueda-Alt\u00fazar<br><em>Alt\u00fazar Tutor<\/em><\/p>\n\n\n\n<p>Examen diagn\u00f3stico<\/p>\n\n\n\n<p>Calificaciones del examen diagn\u00f3stico: <br>Grupo 5   &#8211;   Grupo 6   &#8211;   Grupo 4<\/p>\n\n\n\n<p>Campo formativo: Saberes y pensamiento cient\u00edfico <br><strong>Habilidad Matem\u00e1tica<\/strong><\/p>\n\n\n\n<p><strong>2. Significado y uso de los n\u00fameros<\/strong><br>Divisibilidad, n\u00fameros primos, m\u00e1ximo com\u00fan divisor, m\u00ednimo com\u00fan m\u00faltiplo<\/p>\n\n\n\n<figure class=\"wp-block-embed is-type-video is-provider-youtube wp-block-embed-youtube wp-embed-aspect-16-9 wp-has-aspect-ratio\"><div class=\"wp-block-embed__wrapper\">\n<iframe loading=\"lazy\" title=\"Primaria Alta 2026 - Entre semana - S4\" width=\"760\" height=\"428\" src=\"https:\/\/www.youtube.com\/embed\/hsk5oCTvCj0?feature=oembed\" frameborder=\"0\" allow=\"accelerometer; autoplay; clipboard-write; encrypted-media; gyroscope; picture-in-picture; web-share\" referrerpolicy=\"strict-origin-when-cross-origin\" allowfullscreen><\/iframe>\n<\/div><\/figure>\n\n\n\n<p>&#8212;<\/p>\n\n\n\n<figure class=\"wp-block-embed is-type-video is-provider-youtube wp-block-embed-youtube wp-embed-aspect-16-9 wp-has-aspect-ratio\"><div class=\"wp-block-embed__wrapper\">\n<iframe loading=\"lazy\" title=\"Uso de t\u00e9cnicas para determinar el mcm y MCD\" width=\"760\" height=\"428\" src=\"https:\/\/www.youtube.com\/embed\/kTVTakquRA0?feature=oembed\" frameborder=\"0\" allow=\"accelerometer; autoplay; clipboard-write; encrypted-media; gyroscope; picture-in-picture; web-share\" referrerpolicy=\"strict-origin-when-cross-origin\" allowfullscreen><\/iframe>\n<\/div><\/figure>\n\n\n\n<p>Fracciones y decimales<\/p>\n\n\n\n<p>Ley de los signos y los exponentes<\/p>\n\n\n\n<p>Porcentajes<\/p>\n\n\n\n<p>Identificaci\u00f3n del numero en la recta num\u00e9rica<br><\/p>\n\n\n\n<p><strong>3. Lenguaje algebraico<\/strong><\/p>\n\n\n\n<figure class=\"wp-block-embed is-type-video is-provider-youtube wp-block-embed-youtube wp-embed-aspect-16-9 wp-has-aspect-ratio\"><div class=\"wp-block-embed__wrapper\">\n<iframe loading=\"lazy\" title=\"El \u00e1lgebra como lenguaje\" width=\"760\" height=\"428\" src=\"https:\/\/www.youtube.com\/embed\/J5sHRhynkr0?feature=oembed\" frameborder=\"0\" allow=\"accelerometer; autoplay; clipboard-write; encrypted-media; gyroscope; picture-in-picture; web-share\" referrerpolicy=\"strict-origin-when-cross-origin\" allowfullscreen><\/iframe>\n<\/div><\/figure>\n\n\n\n<p><strong>4. Ecuaciones de primer grado<\/strong><br>5. Ecuaciones de segundo grado<\/p>\n\n\n\n<p>6. Estad\u00edstica<\/p>\n\n\n\n<p><strong>7. Geometr\u00eda<\/strong><\/p>\n\n\n\n<p>11. Teorema de Pit\u00e1goras<br>12. \u00c1reas y Per\u00edmetros<\/p>\n\n\n\n<figure class=\"wp-block-embed is-type-video is-provider-youtube wp-block-embed-youtube wp-embed-aspect-16-9 wp-has-aspect-ratio\"><div class=\"wp-block-embed__wrapper\">\n<iframe loading=\"lazy\" title=\"C\u00e1lculo del per\u00edmetro y \u00e1reas de figuras planas\" width=\"760\" height=\"428\" src=\"https:\/\/www.youtube.com\/embed\/aVfcpWKbypI?feature=oembed\" frameborder=\"0\" allow=\"accelerometer; autoplay; clipboard-write; encrypted-media; gyroscope; picture-in-picture; web-share\" referrerpolicy=\"strict-origin-when-cross-origin\" allowfullscreen><\/iframe>\n<\/div><\/figure>\n\n\n\n<p>13. Pol\u00edgonos regulares<\/p>\n\n\n\n<figure class=\"wp-block-embed is-type-video is-provider-youtube wp-block-embed-youtube wp-embed-aspect-16-9 wp-has-aspect-ratio\"><div class=\"wp-block-embed__wrapper\">\n<iframe loading=\"lazy\" title=\"Pol\u00edgonos regulares\" width=\"760\" height=\"428\" src=\"https:\/\/www.youtube.com\/embed\/4eaY4jwuDRM?feature=oembed\" frameborder=\"0\" allow=\"accelerometer; autoplay; clipboard-write; encrypted-media; gyroscope; picture-in-picture; web-share\" referrerpolicy=\"strict-origin-when-cross-origin\" allowfullscreen><\/iframe>\n<\/div><\/figure>\n\n\n\n<p><br>14. Medidas de tendencia central, datos no agrupados<br>15. Tablas de frecuencias<\/p>\n\n\n\n<p><\/p>\n","protected":false},"excerpt":{"rendered":"<p>INGRESO AL BACHILLERATO Cuando ingresas al bachillerato, conviene haber desarrollado algunas habilidades y tener ciertos conocimientos, en particular, de Matem\u00e1ticas. Tener cierta destreza en \u00e9so &hellip;<\/p>\n","protected":false},"author":1,"featured_media":0,"parent":0,"menu_order":0,"comment_status":"closed","ping_status":"closed","template":"","meta":{"footnotes":""},"class_list":["post-80","page","type-page","status-publish","hentry"],"_links":{"self":[{"href":"https:\/\/raltuzar.net\/cuaderno\/wp-json\/wp\/v2\/pages\/80","targetHints":{"allow":["GET"]}}],"collection":[{"href":"https:\/\/raltuzar.net\/cuaderno\/wp-json\/wp\/v2\/pages"}],"about":[{"href":"https:\/\/raltuzar.net\/cuaderno\/wp-json\/wp\/v2\/types\/page"}],"author":[{"embeddable":true,"href":"https:\/\/raltuzar.net\/cuaderno\/wp-json\/wp\/v2\/users\/1"}],"replies":[{"embeddable":true,"href":"https:\/\/raltuzar.net\/cuaderno\/wp-json\/wp\/v2\/comments?post=80"}],"version-history":[{"count":17,"href":"https:\/\/raltuzar.net\/cuaderno\/wp-json\/wp\/v2\/pages\/80\/revisions"}],"predecessor-version":[{"id":106,"href":"https:\/\/raltuzar.net\/cuaderno\/wp-json\/wp\/v2\/pages\/80\/revisions\/106"}],"wp:attachment":[{"href":"https:\/\/raltuzar.net\/cuaderno\/wp-json\/wp\/v2\/media?parent=80"}],"curies":[{"name":"wp","href":"https:\/\/api.w.org\/{rel}","templated":true}]}}